{"id":17,"date":"2018-05-29T11:14:04","date_gmt":"2018-05-29T09:14:04","guid":{"rendered":"http:\/\/xtratheme.com\/default\/?page_id=17"},"modified":"2022-11-10T15:04:56","modified_gmt":"2022-11-10T14:04:56","slug":"kontakty","status":"publish","type":"page","link":"https:\/\/nolwation.cz\/de\/kontakty\/","title":{"rendered":"KONTAKTE"},"content":{"rendered":"<div data-elementor-type=\"wp-page\" data-elementor-id=\"17\" class=\"elementor elementor-17\">\n\t\t\t\t\t\t\t\t\t<section class=\"elementor-section elementor-top-section elementor-element elementor-element-c1ac316 elementor-section-boxed elementor-section-height-default elementor-section-height-default\" data-id=\"c1ac316\" data-element_type=\"section\">\n\t\t\t\t\t\t<div class=\"elementor-container elementor-column-gap-default\">\n\t\t\t\t\t<div class=\"elementor-column elementor-col-33 elementor-top-column elementor-element elementor-element-3b3647b\" data-id=\"3b3647b\" data-element_type=\"column\">\n\t\t\t<div class=\"elementor-widget-wrap elementor-element-populated\">\n\t\t\t\t\t\t\t\t<div class=\"elementor-element elementor-element-cbc6b26 elementor-widget elementor-widget-cz_service_box\" data-id=\"cbc6b26\" data-element_type=\"widget\" data-widget_type=\"cz_service_box.default\">\n\t\t\t\t<div class=\"elementor-widget-container\">\n\t\t\t<a href=\"tel: 420777080929\"><div class=\"services clr style1 cz_sbi_fx_8a left\"><div class=\"service_custom\"><i class=\"fa czico-092-phone-call-1\"><\/i><\/div><div class=\"service_text\"><h3>TELEFON<\/h3><div class=\"cz_wpe_content\"><div class=\"page\" title=\"Seite 1\">\n<div class=\"section\">\n<div class=\"layoutArea\">\n<div class=\"column\">\n<h4>+420 777 080 929<\/h4>\n<\/div>\n<\/div>\n<\/div>\n<\/div><\/div><\/div><\/div><\/a>\t\t<\/div>\n\t\t\t\t<\/div>\n\t\t\t\t\t<\/div>\n\t\t<\/div>\n\t\t\t\t<div class=\"elementor-column elementor-col-33 elementor-top-column elementor-element elementor-element-4821524\" data-id=\"4821524\" data-element_type=\"column\">\n\t\t\t<div class=\"elementor-widget-wrap elementor-element-populated\">\n\t\t\t\t\t\t\t\t<div class=\"elementor-element elementor-element-460091a elementor-widget elementor-widget-cz_service_box\" data-id=\"460091a\" data-element_type=\"widget\" data-widget_type=\"cz_service_box.default\">\n\t\t\t\t<div class=\"elementor-widget-container\">\n\t\t\t<a href=\"mailto:info@nolwation.cz\/\"><div class=\"services clr style1 cz_sbi_fx_8a left\"><div class=\"service_custom\"><i class=\"far fa-envelope-open\"><\/i><\/div><div class=\"service_text\"><h3>EMAIL<\/h3><div class=\"cz_wpe_content\"><h4><span style=\"font-size: 20px; color: #666666;\">info@nolwation.cz\/<\/span><\/h4><\/div><\/div><\/div><\/a>\t\t<\/div>\n\t\t\t\t<\/div>\n\t\t\t\t\t<\/div>\n\t\t<\/div>\n\t\t\t\t<div class=\"elementor-column elementor-col-33 elementor-top-column elementor-element elementor-element-e5de928\" data-id=\"e5de928\" data-element_type=\"column\">\n\t\t\t<div class=\"elementor-widget-wrap elementor-element-populated\">\n\t\t\t\t\t\t\t\t<div class=\"elementor-element elementor-element-6fc64cb elementor-widget elementor-widget-cz_service_box\" data-id=\"6fc64cb\" data-element_type=\"widget\" data-widget_type=\"cz_service_box.default\">\n\t\t\t\t<div class=\"elementor-widget-container\">\n\t\t\t<a href=\"https:\/\/www.google.com\/maps\/place\/Nolwation+s.r.o.\/@49.1269149,16.8518422,17z\/data=!3m1!4b1!4m5!3m4!1s0x4712954cdd128ae7:0x19ac25bb6f8fa921!8m2!3d49.1268746!4d16.8540614\"><div class=\"services clr style1 cz_sbi_fx_8a left\"><div class=\"service_custom\"><i class=\"fa czico-083-placeholder-1\"><\/i><\/div><div class=\"service_text\"><h3>HAUPTQUARTIER<\/h3><div class=\"cz_wpe_content\"><p><span style=\"font-size: 20px; color: #666666;\">Va\u017eany \u00fcber Litauen 290<br \/><\/span><span style=\"font-size: 20px; color: #666666;\">684 01 V\u00e1\u017eany nad Litavou<\/span><\/p><\/div><\/div><\/div><\/a>\t\t<\/div>\n\t\t\t\t<\/div>\n\t\t\t\t\t<\/div>\n\t\t<\/div>\n\t\t\t\t\t\t\t<\/div>\n\t\t<\/section>\n\t\t\t\t<section class=\"elementor-section elementor-top-section elementor-element elementor-element-1f7aa62 elementor-section-boxed elementor-section-height-default elementor-section-height-default\" data-id=\"1f7aa62\" data-element_type=\"section\">\n\t\t\t\t\t\t<div class=\"elementor-container elementor-column-gap-default\">\n\t\t\t\t\t<div class=\"elementor-column elementor-col-100 elementor-top-column elementor-element elementor-element-a4b1b79\" data-id=\"a4b1b79\" data-element_type=\"column\">\n\t\t\t<div class=\"elementor-widget-wrap elementor-element-populated\">\n\t\t\t\t\t\t\t\t<div class=\"elementor-element elementor-element-060e665 elementor-widget elementor-widget-text-editor\" data-id=\"060e665\" data-element_type=\"widget\" data-widget_type=\"text-editor.default\">\n\t\t\t\t<div class=\"elementor-widget-container\">\n\t\t\t<style>\/*! elementor - v3.6.0 - 21-03-2022 *\/\n.elementor-widget-text-editor.elementor-drop-cap-view-stacked .elementor-drop-cap{background-color:#818a91;color:#fff}.elementor-widget-text-editor.elementor-drop-cap-view-framed .elementor-drop-cap{color:#818a91;border:3px solid;background-color:transparent}.elementor-widget-text-editor:not(.elementor-drop-cap-view-default) .elementor-drop-cap{margin-top:8px}.elementor-widget-text-editor:not(.elementor-drop-cap-view-default) .elementor-drop-cap-letter{width:1em;height:1em}.elementor-widget-text-editor .elementor-drop-cap{float:left;text-align:center;line-height:1;font-size:50px}.elementor-widget-text-editor .elementor-drop-cap-letter{display:inline-block}<\/style>\t\t\t\t<iframe src=\"https:\/\/www.google.com\/maps\/embed?pb=!1m14!1m8!1m3!1d2610.8184342784048!2d16.85458284806867!3d49.12808336379289!3m2!1i1024!2i768!4f13.1!3m3!1m2!1s0x0%3A0x19ac25bb6f8fa921!2sNolwation%20s.r.o.!5e0!3m2!1scs!2scz!4v1668088959610!5m2!1scs!2scz\" width=\"800\" height=\"600\" style=\"border:0;\" allowfullscreen=\"\" loading=\"lazy\" referrerpolicy=\"no-referrer-when-downgrade\"><\/iframe>\t\t\t\t\t\t<\/div>\n\t\t\t\t<\/div>\n\t\t\t\t\t<\/div>\n\t\t<\/div>\n\t\t\t\t\t\t\t<\/div>\n\t\t<\/section>\n\t\t\t\t<section class=\"elementor-section elementor-top-section elementor-element elementor-element-6152678 elementor-section-boxed elementor-section-height-default elementor-section-height-default\" data-id=\"6152678\" data-element_type=\"section\">\n\t\t\t\t\t\t<div class=\"elementor-container elementor-column-gap-default\">\n\t\t\t\t\t<div class=\"elementor-column elementor-col-50 elementor-top-column elementor-element elementor-element-3b43b4c\" data-id=\"3b43b4c\" data-element_type=\"column\">\n\t\t\t<div class=\"elementor-widget-wrap elementor-element-populated\">\n\t\t\t\t\t\t\t\t<div class=\"elementor-element elementor-element-a27ded1 elementor-widget elementor-widget-cz_title\" data-id=\"a27ded1\" data-element_type=\"widget\" data-widget_type=\"cz_title.default\">\n\t\t\t\t<div class=\"elementor-widget-container\">\n\t\t\t\t\r\n\t\t<div>\r\n\t\t\t<div class=\"cz_title clr cz_mobile_text_center cz_title_pos_inline\"><div class=\"cz_title_content\"><div class=\"cz_wpe_content\"><p><span style=\"color: #ff7700;\"><span style=\"caret-color: #ff7700;\">BIST DU INTERESSIERT?<\/span><\/span><\/p><h2>KONTAKTIERE UNS!<\/h2><\/div><\/div><\/div>\r\n\t\t<\/div>\r\n\t\t\r\n\t\t\t\t<\/div>\n\t\t\t\t<\/div>\n\t\t\t\t<div class=\"elementor-element elementor-element-d1276fb elementor-widget elementor-widget-cz_title\" data-id=\"d1276fb\" data-element_type=\"widget\" data-widget_type=\"cz_title.default\">\n\t\t\t\t<div class=\"elementor-widget-container\">\n\t\t\t\t\r\n\t\t<div>\r\n\t\t\t<div class=\"cz_title clr cz_mobile_text_center cz_title_pos_inline\"><div class=\"cz_title_content\"><div class=\"cz_wpe_content\"><div class=\"page\" title=\"Seite 2\"><div class=\"section\"><div class=\"layoutArea\"><div class=\"column\"><p>Wir m\u00f6chten zur Zufriedenheit und zum Komfort Ihres Zuhauses beitragen, und das alles zu einem sehr g\u00fcnstigen Preis. Z\u00f6gern Sie also nicht, uns \u00fcber das Kontaktformular oder unter den aufgef\u00fchrten Kontakten zu kontaktieren.<\/p><\/div><\/div><\/div><\/div><\/div><\/div><\/div>\r\n\t\t<\/div>\r\n\t\t\r\n\t\t\t\t<\/div>\n\t\t\t\t<\/div>\n\t\t\t\t\t<\/div>\n\t\t<\/div>\n\t\t\t\t<div class=\"elementor-column elementor-col-50 elementor-top-column elementor-element elementor-element-8b25bd4\" data-id=\"8b25bd4\" data-element_type=\"column\">\n\t\t\t<div class=\"elementor-widget-wrap elementor-element-populated\">\n\t\t\t\t\t\t\t\t<div class=\"elementor-element elementor-element-d79b433 elementor-widget elementor-widget-cz_contact_form_7\" data-id=\"d79b433\" data-element_type=\"widget\" data-widget_type=\"cz_contact_form_7.default\">\n\t\t\t\t<div class=\"elementor-widget-container\">\n\t\t\t\t\t<div class=\"cz_cf7 clr\">\r\n\t\t\t<div><div role=\"form\" class=\"wpcf7\" id=\"wpcf7-f126-o1\" lang=\"en-US\" dir=\"ltr\">\n<div class=\"screen-reader-response\"><p role=\"status\" aria-live=\"polite\" aria-atomic=\"true\"><\/p> <ul><\/ul><\/div>\n<form action=\"\/de\/wp-json\/wp\/v2\/pages\/17#wpcf7-f126-o1\" method=\"post\" class=\"wpcf7-form init\" novalidate=\"novalidate\" data-status=\"init\" data-trp-original-action=\"\/de\/wp-json\/wp\/v2\/pages\/17#wpcf7-f126-o1\">\n<div style=\"display: none;\">\n<input type=\"hidden\" name=\"_wpcf7\" value=\"126\" \/>\n<input type=\"hidden\" name=\"_wpcf7_version\" value=\"5.5.6\" \/>\n<input type=\"hidden\" name=\"_wpcf7_locale\" value=\"en_US\" \/>\n<input type=\"hidden\" name=\"_wpcf7_unit_tag\" value=\"wpcf7-f126-o1\" \/>\n<input type=\"hidden\" name=\"_wpcf7_container_post\" value=\"0\" \/>\n<input type=\"hidden\" name=\"_wpcf7_posted_data_hash\" value=\"\" \/>\n<input type=\"hidden\" name=\"_wpcf7_recaptcha_response\" value=\"\" \/>\n<\/div>\n<p><span class=\"wpcf7-form-control-wrap your-name\"><input type=\"text\" name=\"your-name\" value=\"\" size=\"40\" class=\"wpcf7-form-control wpcf7-text wpcf7-validates-as-required\" aria-required=\"true\" aria-invalid=\"false\" placeholder=\"Ihr Vor- und Nachname (*)\" \/><\/span><\/p>\n<p><span class=\"wpcf7-form-control-wrap your-email\"><input type=\"email\" name=\"your-email\" value=\"\" size=\"40\" class=\"wpcf7-form-control wpcf7-text wpcf7-email wpcf7-validates-as-required wpcf7-validates-as-email\" aria-required=\"true\" aria-invalid=\"false\" placeholder=\"Deine E-Mail (*)\" \/><\/span><\/p>\n<p><span class=\"wpcf7-form-control-wrap your-subject\"><input type=\"text\" name=\"your-subject\" value=\"\" size=\"40\" class=\"wpcf7-form-control wpcf7-text\" aria-invalid=\"false\" placeholder=\"Thema\" \/><\/span><\/p>\n<p><span class=\"wpcf7-form-control-wrap menu-178\"><select name=\"menu-178\" class=\"wpcf7-form-control wpcf7-select\" aria-invalid=\"false\"><option value=\"M\u00e1m z\u00e1jem o mont\u00e1\u017e v\u00fdtahov\u00e9 \u0161achty\">Ich interessiere mich f\u00fcr den Einbau eines Aufzugsschachts<\/option><option value=\"M\u00e1m z\u00e1jem o servis\">Ich interessiere mich f\u00fcr den Service<\/option><option value=\"Dal\u0161\u00ed slu\u017eby\">Weitere Dienstleistungen<\/option><\/select><\/span><\/p>\n<p><span class=\"wpcf7-form-control-wrap your-message\"><textarea name=\"your-message\" cols=\"40\" rows=\"10\" class=\"wpcf7-form-control wpcf7-textarea\" aria-invalid=\"false\" placeholder=\"Ihre Nachricht\"><\/textarea><\/span> <\/p>\n<p><input type=\"submit\" value=\"EINE NACHRICHT SCHICKEN\" class=\"wpcf7-form-control has-spinner wpcf7-submit\" \/><\/p>\n<div class=\"wpcf7-response-output\" aria-hidden=\"true\"><\/div><input type=\"hidden\" name=\"trp-form-language\" value=\"de\"\/><\/form><\/div><\/div>\r\n\t\t<\/div>\r\n\t\t\t\t<\/div>\n\t\t\t\t<\/div>\n\t\t\t\t\t<\/div>\n\t\t<\/div>\n\t\t\t\t\t\t\t<\/div>\n\t\t<\/section>\n\t\t\t\t\t\t\t<\/div>","protected":false},"excerpt":{"rendered":"<p>TELEFON +420 777 080 929 EMAIL info@nolwation.cz\/ S\u00cdDLO SPOLE\u010cNOSTI V\u00e1\u017eany nad &#8230; <\/p>","protected":false},"author":1,"featured_media":0,"parent":0,"menu_order":0,"comment_status":"closed","ping_status":"closed","template":"","meta":{"footnotes":""},"class_list":["post-17","page","type-page","status-publish","hentry"],"_links":{"self":[{"href":"https:\/\/nolwation.cz\/de\/wp-json\/wp\/v2\/pages\/17","targetHints":{"allow":["GET"]}}],"collection":[{"href":"https:\/\/nolwation.cz\/de\/wp-json\/wp\/v2\/pages"}],"about":[{"href":"https:\/\/nolwation.cz\/de\/wp-json\/wp\/v2\/types\/page"}],"author":[{"embeddable":true,"href":"https:\/\/nolwation.cz\/de\/wp-json\/wp\/v2\/users\/1"}],"replies":[{"embeddable":true,"href":"https:\/\/nolwation.cz\/de\/wp-json\/wp\/v2\/comments?post=17"}],"version-history":[{"count":18,"href":"https:\/\/nolwation.cz\/de\/wp-json\/wp\/v2\/pages\/17\/revisions"}],"predecessor-version":[{"id":2284,"href":"https:\/\/nolwation.cz\/de\/wp-json\/wp\/v2\/pages\/17\/revisions\/2284"}],"wp:attachment":[{"href":"https:\/\/nolwation.cz\/de\/wp-json\/wp\/v2\/media?parent=17"}],"curies":[{"name":"wp","href":"https:\/\/api.w.org\/{rel}","templated":true}]}}